{"id":9,"date":"2023-09-06T12:26:07","date_gmt":"2023-09-06T12:26:07","guid":{"rendered":"https:\/\/nowelizacjaustawy.pl\/?page_id=9"},"modified":"2025-09-08T12:14:47","modified_gmt":"2025-09-08T12:14:47","slug":"informacje","status":"publish","type":"page","link":"https:\/\/nowelizacjaustawy.pl\/index.php\/informacje\/","title":{"rendered":"O nas"},"content":{"rendered":"\n<div class=\"wp-block-media-text has-media-on-the-right is-stacked-on-mobile is-image-fill\"><div class=\"wp-block-media-text__content\">\n<p class=\"has-text-color has-link-color has-normal-font-size wp-elements-90d1ce917c37e0f80d9ad8023ff329f9\" style=\"color:#ab1257\"><strong>ADN Akademia \u2013 Tw\u00f3j partner w \u015bwiecie podatk\u00f3w i biznesu<\/strong><\/p>\n\n\n\n<p>Jako jedna z najwi\u0119kszych firm szkoleniowych w Polsce od lat pomagamy specjalistom i przedsi\u0119biorcom odnajdywa\u0107 si\u0119 w zmieniaj\u0105cej si\u0119 rzeczywisto\u015bci prawno-podatkowej. Nasze do\u015bwiadczenie, potwierdzone licznymi nagrodami bran\u017cowymi oraz zaufaniem tysi\u0119cy uczestnik\u00f3w, sprawia, \u017ce jeste\u015bmy liderem w przekazywaniu praktycznej wiedzy, kt\u00f3r\u0105 mo\u017cna natychmiast wykorzysta\u0107 w codziennej pracy.<\/p>\n\n\n\n<p>Specjalizujemy si\u0119 w szkoleniach i kursach z zakresu podatk\u00f3w, rachunkowo\u015bci, prawa i finans\u00f3w, a tak\u017ce w programach rozwojowych wspieraj\u0105cych mened\u017cer\u00f3w i pracownik\u00f3w r\u00f3\u017cnych bran\u017c. Dzi\u0119ki wsp\u00f3\u0142pracy z ponad tysi\u0105cem ekspert\u00f3w \u2013 doradcami podatkowymi, prawnikami, bieg\u0142ymi rewidentami i praktykami biznesu \u2013 gwarantujemy najwy\u017cszy poziom merytoryczny naszych zaj\u0119\u0107.<\/p>\n\n\n\n<p>Na naszych szkoleniach z VAT, CIT i PIT szczeg\u00f3lny nacisk k\u0142adziemy na bie\u017c\u0105ce zmiany legislacyjne oraz praktyczne zastosowanie przepis\u00f3w. To w\u0142a\u015bnie aktualno\u015b\u0107 i przejrzysto\u015b\u0107 przekazu sprawiaj\u0105, \u017ce od lat wybieraj\u0105 nas zar\u00f3wno du\u017ce instytucje, jak i osoby indywidualne poszukuj\u0105ce rzetelnej wiedzy i inspiracji do rozwoju zawodowego.<\/p>\n<\/div><figure class=\"wp-block-media-text__media\" style=\"background-image:url(https:\/\/nowelizacjaustawy.pl\/wp-content\/uploads\/2025\/09\/AdobeStock_440120968-1024x683.jpeg);background-position:50% 50%\"><img loading=\"lazy\" decoding=\"async\" width=\"1024\" height=\"683\" src=\"https:\/\/nowelizacjaustawy.pl\/wp-content\/uploads\/2025\/09\/AdobeStock_440120968-1024x683.jpeg\" alt=\"\" class=\"wp-image-60 size-full\" srcset=\"https:\/\/nowelizacjaustawy.pl\/wp-content\/uploads\/2025\/09\/AdobeStock_440120968-1024x683.jpeg 1024w, https:\/\/nowelizacjaustawy.pl\/wp-content\/uploads\/2025\/09\/AdobeStock_440120968-300x200.jpeg 300w, https:\/\/nowelizacjaustawy.pl\/wp-content\/uploads\/2025\/09\/AdobeStock_440120968-768x512.jpeg 768w, https:\/\/nowelizacjaustawy.pl\/wp-content\/uploads\/2025\/09\/AdobeStock_440120968-1536x1025.jpeg 1536w, https:\/\/nowelizacjaustawy.pl\/wp-content\/uploads\/2025\/09\/AdobeStock_440120968-1200x800.jpeg 1200w, https:\/\/nowelizacjaustawy.pl\/wp-content\/uploads\/2025\/09\/AdobeStock_440120968.jpeg 1688w\" sizes=\"(max-width: 1024px) 100vw, 1024px\" \/><\/figure><\/div>\n\n\n\n<p class=\"has-text-color has-link-color wp-elements-7e65f69310b95379c8af4dd4866e2ae0\" style=\"color:#ab1257\"><\/p>\n","protected":false},"excerpt":{"rendered":"<p>ADN Akademia \u2013 Tw\u00f3j partner w \u015bwiecie podatk\u00f3w i biznesu Jako jedna z najwi\u0119kszych firm szkoleniowych w Polsce od lat pomagamy specjalistom i przedsi\u0119biorcom odnajdywa\u0107 si\u0119 w zmieniaj\u0105cej si\u0119 rzeczywisto\u015bci prawno-podatkowej. Nasze do\u015bwiadczenie, potwierdzone licznymi nagrodami bran\u017cowymi oraz zaufaniem tysi\u0119cy uczestnik\u00f3w, sprawia, \u017ce jeste\u015bmy liderem w przekazywaniu praktycznej wiedzy, kt\u00f3r\u0105 mo\u017cna natychmiast wykorzysta\u0107 w codziennej [&hellip;]<\/p>\n","protected":false},"author":2,"featured_media":0,"parent":0,"menu_order":0,"comment_status":"closed","ping_status":"closed","template":"templates\/template-full-width.php","meta":{"footnotes":""},"_links":{"self":[{"href":"https:\/\/nowelizacjaustawy.pl\/index.php\/wp-json\/wp\/v2\/pages\/9"}],"collection":[{"href":"https:\/\/nowelizacjaustawy.pl\/index.php\/wp-json\/wp\/v2\/pages"}],"about":[{"href":"https:\/\/nowelizacjaustawy.pl\/index.php\/wp-json\/wp\/v2\/types\/page"}],"author":[{"embeddable":true,"href":"https:\/\/nowelizacjaustawy.pl\/index.php\/wp-json\/wp\/v2\/users\/2"}],"replies":[{"embeddable":true,"href":"https:\/\/nowelizacjaustawy.pl\/index.php\/wp-json\/wp\/v2\/comments?post=9"}],"version-history":[{"count":6,"href":"https:\/\/nowelizacjaustawy.pl\/index.php\/wp-json\/wp\/v2\/pages\/9\/revisions"}],"predecessor-version":[{"id":63,"href":"https:\/\/nowelizacjaustawy.pl\/index.php\/wp-json\/wp\/v2\/pages\/9\/revisions\/63"}],"wp:attachment":[{"href":"https:\/\/nowelizacjaustawy.pl\/index.php\/wp-json\/wp\/v2\/media?parent=9"}],"curies":[{"name":"wp","href":"https:\/\/api.w.org\/{rel}","templated":true}]}}