{"id":8,"date":"2023-09-06T12:26:07","date_gmt":"2023-09-06T12:26:07","guid":{"rendered":"https:\/\/nowelizacjaustawy.pl\/?page_id=8"},"modified":"2025-09-08T11:57:08","modified_gmt":"2025-09-08T11:57:08","slug":"nowe-muzeum-sztuki-nowoczesnej-otwarlo-swoje-powoje","status":"publish","type":"page","link":"https:\/\/nowelizacjaustawy.pl\/","title":{"rendered":"Podatki VAT, CIT, PIT"},"content":{"rendered":"\n<div class=\"wp-block-group alignwide is-layout-flow wp-block-group-is-layout-flow\"><div class=\"wp-block-group__inner-container\"><\/div><\/div>\n\n\n\n<div class=\"wp-block-group alignwide is-layout-flow wp-block-group-is-layout-flow\"><div class=\"wp-block-group__inner-container\">\n<h2 class=\"wp-block-heading has-text-align-center has-text-color\" style=\"color:#ab1257\">Nowelizacja ustaw o VAT, CIT i PIT \u2013 b\u0105d\u017a na bie\u017c\u0105co!<\/h2>\n\n\n\n<p>Zmiany w podatkach to codzienno\u015b\u0107 przedsi\u0119biorc\u00f3w, ksi\u0119gowych i doradc\u00f3w. Ka\u017cda nowelizacja przynosi nowe obowi\u0105zki, ryzyka, ale te\u017c szanse na optymalizacj\u0119 rozlicze\u0144. Na naszych szkoleniach wyja\u015bniamy najnowsze regulacje krok po kroku, pokazujemy praktyczne konsekwencje i wskazujemy, jak przygotowa\u0107 si\u0119 do wdro\u017cenia zmian w firmie.<\/p>\n<\/div><\/div>\n\n\n\n<div class=\"wp-block-columns is-layout-flex wp-container-core-columns-layout-1 wp-block-columns-is-layout-flex\">\n<div class=\"wp-block-column is-layout-flow wp-block-column-is-layout-flow\">\n<p class=\"has-text-align-center has-background-color has-text-color has-background has-link-color has-normal-font-size wp-elements-d1aafc8e6df85285168e8c7bb6997419\" style=\"background-color:#202b52\"><strong><a href=\"https:\/\/www.adnakademia.pl\/kategoria\/szkolenia-online-podatki\/\" target=\"_blank\" rel=\"noreferrer noopener\">SZKOLENIA ONLINE<\/a><\/strong><\/p>\n\n\n\n<p class=\"has-text-align-center has-background-color has-text-color has-background has-link-color has-normal-font-size wp-elements-100fc9cb0582028de69beba5347707a0\" style=\"background-color:#202b52\"><strong><a href=\"https:\/\/www.adnakademia.pl\/kategoria\/podatki-vat-cit\/\">SZKOLENIA STACJONARNE<\/a><\/strong><\/p>\n<\/div>\n<\/div>\n","protected":false},"excerpt":{"rendered":"<p>Nowelizacja ustaw o VAT, CIT i PIT \u2013 b\u0105d\u017a na bie\u017c\u0105co! Zmiany w podatkach to codzienno\u015b\u0107 przedsi\u0119biorc\u00f3w, ksi\u0119gowych i doradc\u00f3w. Ka\u017cda nowelizacja przynosi nowe obowi\u0105zki, ryzyka, ale te\u017c szanse na optymalizacj\u0119 rozlicze\u0144. Na naszych szkoleniach wyja\u015bniamy najnowsze regulacje krok po kroku, pokazujemy praktyczne konsekwencje i wskazujemy, jak przygotowa\u0107 si\u0119 do wdro\u017cenia zmian w firmie. SZKOLENIA [&hellip;]<\/p>\n","protected":false},"author":2,"featured_media":36,"parent":0,"menu_order":0,"comment_status":"closed","ping_status":"closed","template":"templates\/template-full-width.php","meta":{"footnotes":""},"_links":{"self":[{"href":"https:\/\/nowelizacjaustawy.pl\/index.php\/wp-json\/wp\/v2\/pages\/8"}],"collection":[{"href":"https:\/\/nowelizacjaustawy.pl\/index.php\/wp-json\/wp\/v2\/pages"}],"about":[{"href":"https:\/\/nowelizacjaustawy.pl\/index.php\/wp-json\/wp\/v2\/types\/page"}],"author":[{"embeddable":true,"href":"https:\/\/nowelizacjaustawy.pl\/index.php\/wp-json\/wp\/v2\/users\/2"}],"replies":[{"embeddable":true,"href":"https:\/\/nowelizacjaustawy.pl\/index.php\/wp-json\/wp\/v2\/comments?post=8"}],"version-history":[{"count":11,"href":"https:\/\/nowelizacjaustawy.pl\/index.php\/wp-json\/wp\/v2\/pages\/8\/revisions"}],"predecessor-version":[{"id":55,"href":"https:\/\/nowelizacjaustawy.pl\/index.php\/wp-json\/wp\/v2\/pages\/8\/revisions\/55"}],"wp:featuredmedia":[{"embeddable":true,"href":"https:\/\/nowelizacjaustawy.pl\/index.php\/wp-json\/wp\/v2\/media\/36"}],"wp:attachment":[{"href":"https:\/\/nowelizacjaustawy.pl\/index.php\/wp-json\/wp\/v2\/media?parent=8"}],"curies":[{"name":"wp","href":"https:\/\/api.w.org\/{rel}","templated":true}]}}